{"id":8,"date":"2025-11-19T07:59:10","date_gmt":"2025-11-19T06:59:10","guid":{"rendered":"https:\/\/parafialazystarachowice.pl\/?page_id=8"},"modified":"2025-12-02T10:27:17","modified_gmt":"2025-12-02T09:27:17","slug":"glowna","status":"publish","type":"page","link":"https:\/\/parafialazystarachowice.pl\/","title":{"rendered":"g\u0142\u00f3wna"},"content":{"rendered":"\t\t<div data-elementor-type=\"wp-page\" data-elementor-id=\"8\" class=\"elementor elementor-8\" data-elementor-post-type=\"page\">\n\t\t\t\t<div class=\"elementor-element elementor-element-2048f341 e-con-full e-flex e-con e-parent\" data-id=\"2048f341\" data-element_type=\"container\" data-settings=\"{&quot;background_background&quot;:&quot;classic&quot;}\">\n\t\t\t\t<div class=\"elementor-element elementor-element-141b4bd6 animated-slow elementor-invisible elementor-widget elementor-widget-heading\" data-id=\"141b4bd6\" data-element_type=\"widget\" data-settings=\"{&quot;_animation&quot;:&quot;slideInUp&quot;}\" data-widget_type=\"heading.default\">\n\t\t\t\t\t<h2 class=\"elementor-heading-title elementor-size-default\">Strona w przebudowie<\/h2>\t\t\t\t<\/div>\n\t\t\t\t<\/div>\n\t\t<div class=\"elementor-element elementor-element-45ed9cbf e-flex e-con-boxed e-con e-parent\" data-id=\"45ed9cbf\" data-element_type=\"container\" data-settings=\"{&quot;background_background&quot;:&quot;gradient&quot;}\">\n\t\t\t\t\t<div class=\"e-con-inner\">\n\t\t<div class=\"elementor-element elementor-element-cdfa096 e-con-full e-flex e-con e-child\" data-id=\"cdfa096\" data-element_type=\"container\">\n\t\t\t\t<div class=\"elementor-element elementor-element-37a9b5b0 elementor-widget__width-inherit elementor-widget-divider--view-line elementor-widget elementor-widget-divider\" data-id=\"37a9b5b0\" data-element_type=\"widget\" data-widget_type=\"divider.default\">\n\t\t\t\t\t\t\t<div class=\"elementor-divider\">\n\t\t\t<span class=\"elementor-divider-separator\">\n\t\t\t\t\t\t<\/span>\n\t\t<\/div>\n\t\t\t\t\t\t<\/div>\n\t\t\t\t<div class=\"elementor-element elementor-element-26128194 elementor-widget elementor-widget-icon-box\" data-id=\"26128194\" data-element_type=\"widget\" data-widget_type=\"icon-box.default\">\n\t\t\t\t\t\t\t<div class=\"elementor-icon-box-wrapper\">\n\n\t\t\t\n\t\t\t\t\t\t<div class=\"elementor-icon-box-content\">\n\n\t\t\t\t\t\t\t\t\t<h3 class=\"elementor-icon-box-title\">\n\t\t\t\t\t\t<span  >\n\t\t\t\t\t\t\tIntencje mszalne\t\t\t\t\t\t<\/span>\n\t\t\t\t\t<\/h3>\n\t\t\t\t\n\t\t\t\t\t\t\t\t\t<p class=\"elementor-icon-box-description\">\n\t\t\t\t\t\t\nPARAFIA PW. MATKI BO\u017bEJ CZ\u0118STOCHOWSKIEJ W STARACHOWICACH<BR><BR>\n\n \n\nI   Niedziela  Adwentu  30 Listopada   2025 r.<BR>\n\n \n\n7.00 Trydencka : Szymona Dziurzy\u0144skiego<BR>\n8.30. Godzinki<BR>\n\n9.00  Za Parafian<BR>\n\n11.00  Dzi\u0119k-b\u0142ag w  Rocz Urodzin Magdaleny Stubba, Barbary Wypych, i Wiktorii Wypych<BR><BR>\n\nPONIEDZIA\u0141EK<BR>   1 Grudnia  2025 r<BR>\n\n \n\n17.00  + Zdzis\u0142awa Wiech\u0119 \u2013 od \u017cony i dzieci<BR>\n17.30 + Wand\u0119 G\u00f3\u017ad\u017a \u2013 od s\u0105siad\u00f3w z ul. Wsp\u00f3lnej i I\u0142\u017ceckiej<BR><BR>\n\n \n\n WTOREK <BR>2   grudnia   2025r.<BR>\n\n \n\n17.00   + J\u00f3zefa Zegad\u0142o, Ann\u0119 Stanis\u0142awa Marczewskich<BR>\n\n17.30 + Alin\u0119 G\u0105siorowsk\u0105- od Teresy Szaraniec z rodzin\u0105<BR><BR>\n\n \n\n\u015aRODA <BR>  3 Grudnia    2025 r.<BR>\n\n17.00  + Karola Piekarskiego \u2013 od bratanic:Lidii El\u017cbiety, Doroty i Beaty z rodzinami<BR>\n\n17.30 + Franciszka \u0141ab\u0119dzikeigo \u2013 od brata Edwarda z rodzin\u0105<BR><BR>\n\n \n\nI   CZWARTEK <BR> 4 Grudnia  2025<BR> \n\n \n\n17.00  W int R\u00f3\u017cy \u015bw. Barbary i w int Margaretek<BR>\n\n17.30 + Henryka Kwietnia \u2013 od rodz. Staryczenkow<BR><BR>\n\n \n\n                  I    PI\u0104TEK <BR>  5 Grudnia   2025<BR>\n\n \n\n15.00  Za kap\u0142an\u00f3w<BR>\n\n17.00  + Henryka Janin\u0119 Kwietni\u00f3w, Bogumi\u0142\u0119 Chmielewsk\u0105 \u2013 od rodz. W\u015bciubiak\u00f3w<BR><BR>\n\n\nI    SOBOTA <BR> 6   Grudnia  2025r<BR>\n\n16.00 Nabo\u017ce\u0144stwo wynagradzaj\u0105ce<BR>\n\n17.00 Wynagradzajaca Niepokalanemu Sercu NMPanny<BR><BR>\n\n \n\nII   Niedziela  Adwentu <BR> 7 Grudnia  2025 r.<BR>\n\n \n\n7.00 Trydencka : p. Stompor<BR>\n8.30. Godzinki<BR>\n\n9.00  Za Parafian<BR>\n\n11.00 \t\t\t\t\t<\/p>\n\t\t\t\t\n\t\t\t<\/div>\n\t\t\t\n\t\t<\/div>\n\t\t\t\t\t\t<\/div>\n\t\t\t\t<\/div>\n\t\t<div class=\"elementor-element elementor-element-1cabb7d8 e-con-full e-flex e-con e-child\" data-id=\"1cabb7d8\" data-element_type=\"container\">\n\t\t\t\t<div class=\"elementor-element elementor-element-6dae2060 elementor-widget__width-inherit elementor-widget-divider--view-line elementor-widget elementor-widget-divider\" data-id=\"6dae2060\" data-element_type=\"widget\" data-widget_type=\"divider.default\">\n\t\t\t\t\t\t\t<div class=\"elementor-divider\">\n\t\t\t<span class=\"elementor-divider-separator\">\n\t\t\t\t\t\t<\/span>\n\t\t<\/div>\n\t\t\t\t\t\t<\/div>\n\t\t\t\t<div class=\"elementor-element elementor-element-1db8fdba elementor-widget elementor-widget-icon-box\" data-id=\"1db8fdba\" data-element_type=\"widget\" data-widget_type=\"icon-box.default\">\n\t\t\t\t\t\t\t<div class=\"elementor-icon-box-wrapper\">\n\n\t\t\t\n\t\t\t\t\t\t<div class=\"elementor-icon-box-content\">\n\n\t\t\t\t\t\t\t\t\t<h3 class=\"elementor-icon-box-title\">\n\t\t\t\t\t\t<span  >\n\t\t\t\t\t\t\tOg\u0142oszenia parafialne\t\t\t\t\t\t<\/span>\n\t\t\t\t\t<\/h3>\n\t\t\t\t\n\t\t\t\t\t\t\t\t\t<p class=\"elementor-icon-box-description\">\n\t\t\t\t\t\tI  Niedziela Adwentu  30   Listopada    2025<BR><BR>\n\n  \n\n1.    Dzisiaj rozpoczynamy Adwent. Roraty codziennie o 17.00 Zapraszam dzieci i m\u0142odzie\u017c do bierzmowania. Dzieci do zrobienia lampion\u00f3w adwentowych<BR><BR>\n\n2.    S\u0105 \u015bwiece Wigilijne Dzie\u0142o Pomocy Dzieciom, w cenie 10 i 20 z\u0142<BR><BR>\n\n3.     Po\u015bwi\u0119cimy op\u0142atki na Wigilijny st\u00f3\u0142, i sianko. Zapraszam komitet i indywidualnie z ulic tam gdzie nie ma przedstawiciela parafii.<BR><BR>\n\n4.    Serduszko dla Seniora. Paczki do 21 grudnia<BR><BR>\n\n                                              \n\n5.    W tym tygodniu przypada I Czwartek Pi\u0105tek i sobota miesi\u0105ca. Nabo\u017ce\u0144stwa jak dotychczas. Chorych w pi\u0105tek odwiedz\u0119 od godz. 9.00. Msza o 15.00. Spowied\u017a i modlitwy za wst \u015bw. Faustyny o 16.30<BR><BR>\n\n6.    Trwa Nowenna do \u015bw. Barbary i przed uroczysto\u015bci\u0105 Niepokalanego Pocz\u0119cia NM Panny.\nKontynuuj\u0105c dzie\u0142o \u015bw. Maksymiliana zapraszamy do zawierzenia Maryji oddaj\u0105c nasz\u0105 przesz\u0142o\u015b\u0107 i przysz\u0142o\u015b\u0107. Na Mszy 8 XII o 17.00. Akty zawierzenia s\u0105 dost\u0119pne na stoliku, przy wyj\u015bciu z ko\u015bcio\u0142a. Na odwrocie aktu wpiszmy nasze pro\u015bby i dzi\u0119kczynienia<BR><BR>\n\n7.    Za tydzie\u0144 na Mszy o 11.00 po\u015bwi\u0119cenie medalik\u00f3w dla dzieci klas III<BR><BR>\n\n8.    Wszystkim solenizantom i jubilatom tego tygodnia \u017cyczymy obfito\u015bci \u0142ask Bo\u017cych i opieki Matki Naj\u015bwi\u0119tszej na ka\u017cdy dzie\u0144\t\t\t\t\t<\/p>\n\t\t\t\t\n\t\t\t<\/div>\n\t\t\t\n\t\t<\/div>\n\t\t\t\t\t\t<\/div>\n\t\t\t\t<\/div>\n\t\t\t\t\t<\/div>\n\t\t\t\t<\/div>\n\t\t\t\t<\/div>\n\t\t","protected":false},"excerpt":{"rendered":"<p>Strona w przebudowie Intencje mszalne PARAFIA PW. MATKI BO\u017bEJ CZ\u0118STOCHOWSKIEJ W STARACHOWICACH I Niedziela Adwentu 30 Listopada 2025 r. 7.00 Trydencka : Szymona Dziurzy\u0144skiego 8.30. Godzinki 9.00 Za Parafian 11.00 Dzi\u0119k-b\u0142ag w Rocz Urodzin Magdaleny Stubba, Barbary Wypych, i Wiktorii Wypych PONIEDZIA\u0141EK 1 Grudnia 2025 r 17.00 + Zdzis\u0142awa Wiech\u0119 \u2013 od \u017cony i dzieci [&hellip;]<\/p>\n","protected":false},"author":1,"featured_media":0,"parent":0,"menu_order":0,"comment_status":"closed","ping_status":"closed","template":"elementor_canvas","meta":{"footnotes":""},"class_list":["post-8","page","type-page","status-publish","hentry"],"_links":{"self":[{"href":"https:\/\/parafialazystarachowice.pl\/index.php?rest_route=\/wp\/v2\/pages\/8","targetHints":{"allow":["GET"]}}],"collection":[{"href":"https:\/\/parafialazystarachowice.pl\/index.php?rest_route=\/wp\/v2\/pages"}],"about":[{"href":"https:\/\/parafialazystarachowice.pl\/index.php?rest_route=\/wp\/v2\/types\/page"}],"author":[{"embeddable":true,"href":"https:\/\/parafialazystarachowice.pl\/index.php?rest_route=\/wp\/v2\/users\/1"}],"replies":[{"embeddable":true,"href":"https:\/\/parafialazystarachowice.pl\/index.php?rest_route=%2Fwp%2Fv2%2Fcomments&post=8"}],"version-history":[{"count":16,"href":"https:\/\/parafialazystarachowice.pl\/index.php?rest_route=\/wp\/v2\/pages\/8\/revisions"}],"predecessor-version":[{"id":35,"href":"https:\/\/parafialazystarachowice.pl\/index.php?rest_route=\/wp\/v2\/pages\/8\/revisions\/35"}],"wp:attachment":[{"href":"https:\/\/parafialazystarachowice.pl\/index.php?rest_route=%2Fwp%2Fv2%2Fmedia&parent=8"}],"curies":[{"name":"wp","href":"https:\/\/api.w.org\/{rel}","templated":true}]}}